{"id":225,"date":"2025-03-04T07:47:54","date_gmt":"2025-03-04T06:47:54","guid":{"rendered":"https:\/\/blog.stradal-information.fr\/?page_id=225"},"modified":"2025-05-19T10:02:27","modified_gmt":"2025-05-19T08:02:27","slug":"a-propos","status":"publish","type":"page","link":"https:\/\/www.stradal.fr\/media-au-fil-de-leau\/a-propos\/","title":{"rendered":"\u00c0 Propos"},"content":{"rendered":"\n<h2 class=\"wp-block-heading\"><strong>Un espace d\u00e9di\u00e9 aux enjeux de l\u2019eau et des infrastructures durables<\/strong><\/h2>\n\n\n\n<p>L\u2019eau est une ressource essentielle, au c\u0153ur des d\u00e9fis environnementaux et soci\u00e9taux d\u2019aujourd\u2019hui. <strong>Au fil de l\u2019eau<\/strong>, l\u2019espace m\u00e9dia de Stradal a \u00e9t\u00e9 con\u00e7u pour apporter l\u2019\u00e9clairage d\u2019experts de ces enjeux et accompagner les acteurs du secteur dans leur r\u00e9flexion et leurs choix.<\/p>\n\n\n\n<p>En tant qu\u2019industriel engag\u00e9, Stradal souhaite partager son expertise et contribuer \u00e0 une meilleure compr\u00e9hension des solutions disponibles pour optimiser la gestion de l\u2019eau, am\u00e9liorer la r\u00e9silience des infrastructures, r\u00e9pondre aux nouvelles exigences r\u00e9glementaires pour une gestion de l\u2019eau durable qui saura pr\u00e9server la ressource face au changement climatique.<\/p>\n\n\n\n<p>Avec <strong>Au fil de l\u2019eau<\/strong>, nous vous proposons un espace d\u2019apprentissage, d\u2019innovation et de partage d\u2019exp\u00e9rience, o\u00f9 vous pourrez :<\/p>\n\n\n\n<ul class=\"wp-block-list\">\n<li>D\u00e9couvrir des <strong>analyses approfondies<\/strong> sur les tendances du secteur,<\/li>\n\n\n\n<li>Lire des <strong>\u00e9tudes de cas<\/strong> et des retours d\u2019exp\u00e9rience concrets,<\/li>\n\n\n\n<li>Explorer les <strong>solutions techniques<\/strong> qui fa\u00e7onnent l\u2019am\u00e9nagement des territoires,<\/li>\n\n\n\n<li>Acc\u00e9der \u00e0 des <strong>interviews d\u2019experts<\/strong> et des t\u00e9moignages de professionnels engag\u00e9s.<\/li>\n<\/ul>\n\n\n\n<h3 class=\"wp-block-heading\"><strong>Les th\u00e9matiques abord\u00e9es<\/strong><\/h3>\n\n\n\n<p>Notre blog explore diff\u00e9rents sujets li\u00e9s \u00e0 la gestion et \u00e0 l\u2019am\u00e9nagement des infrastructures hydrauliques :<\/p>\n\n\n\n<ul class=\"wp-block-list\">\n<li><strong>R\u00e9glementation et normes<\/strong> : comprendre les \u00e9volutions l\u00e9gislatives et leurs impacts.<\/li>\n\n\n\n<li><strong>Innovations et solutions durables<\/strong> : explorer les nouvelles technologies et les approches \u00e9co-responsables.<\/li>\n\n\n\n<li><strong>Gestion et pr\u00e9servation de la ressource<\/strong> : optimiser l\u2019usage de l\u2019eau et r\u00e9duire son empreinte \u00e9cologique.<\/li>\n\n\n\n<li><strong>Biodiversit\u00e9 et territoires<\/strong> : int\u00e9grer des solutions respectueuses de l\u2019environnement dans l\u2019am\u00e9nagement urbain et rural.<\/li>\n<\/ul>\n\n\n\n<h3 class=\"wp-block-heading\"><strong>Une expertise enrichie par des voix du terrain<\/strong><\/h3>\n\n\n\n<p>Parce que la gestion de l\u2019eau est un enjeu collectif, nous donnons r\u00e9guli\u00e8rement la parole \u00e0 <strong>des professionnels du secteur<\/strong> : ing\u00e9nieurs, urbanistes, chercheurs, acteurs publics et priv\u00e9s, syndicats\u2026 Leurs t\u00e9moignages et analyses apportent un \u00e9clairage pr\u00e9cieux sur les d\u00e9fis actuels et les solutions \u00e0 envisager.<\/p>\n\n\n\n<p>Nous esp\u00e9rons qu\u2019 <strong>Au fil de l\u2019eau<\/strong> deviendra pour vous une source d\u2019inspiration et d\u2019information incontournable. Bonne lecture !<\/p>\n","protected":false},"excerpt":{"rendered":"<p>Un espace d\u00e9di\u00e9 aux enjeux de l\u2019eau et des infrastructures durables L\u2019eau est une ressource essentielle, au c\u0153ur des d\u00e9fis environnementaux et soci\u00e9taux d\u2019aujourd\u2019hui. Au fil de l\u2019eau, l\u2019espace m\u00e9dia de Stradal a \u00e9t\u00e9 con\u00e7u pour apporter l\u2019\u00e9clairage d\u2019experts de ces enjeux et accompagner les acteurs du secteur dans leur r\u00e9flexion et leurs choix. En [&hellip;]<\/p>\n","protected":false},"author":1,"featured_media":0,"parent":0,"menu_order":0,"comment_status":"closed","ping_status":"closed","template":"page-aboutus.php","meta":{"_acf_changed":false,"footnotes":""},"class_list":["post-225","page","type-page","status-publish","hentry"],"acf":[],"yoast_head":"<!-- This site is optimized with the Yoast SEO plugin v26.1.1 - https:\/\/yoast.com\/wordpress\/plugins\/seo\/ -->\n<title>Au fil de l\u2019eau avec Stradal | Enjeux, solutions durables - \u00c0 propos<\/title>\n<meta name=\"description\" content=\"Au fil de l\u2019eau avec Stradal : un espace d\u2019expertise d\u00e9di\u00e9 \u00e0 la gestion durable de l\u2019eau et aux solutions d\u2019infrastructure.\" \/>\n<meta name=\"robots\" content=\"index, follow, max-snippet:-1, max-image-preview:large, max-video-preview:-1\" \/>\n<link rel=\"canonical\" href=\"https:\/\/www.stradal.fr\/media-au-fil-de-leau\/a-propos\/\" \/>\n<meta property=\"og:locale\" content=\"fr_FR\" \/>\n<meta property=\"og:type\" content=\"article\" \/>\n<meta property=\"og:title\" content=\"Au fil de l\u2019eau avec Stradal | Enjeux, solutions durables - \u00c0 propos\" \/>\n<meta property=\"og:description\" content=\"Au fil de l\u2019eau avec Stradal : un espace d\u2019expertise d\u00e9di\u00e9 \u00e0 la gestion durable de l\u2019eau et aux solutions d\u2019infrastructure.\" \/>\n<meta property=\"og:url\" content=\"https:\/\/www.stradal.fr\/media-au-fil-de-leau\/a-propos\/\" \/>\n<meta property=\"og:site_name\" content=\"Stradal Blog\" \/>\n<meta property=\"article:modified_time\" content=\"2025-05-19T08:02:27+00:00\" \/>\n<meta name=\"twitter:card\" content=\"summary_large_image\" \/>\n<meta name=\"twitter:label1\" content=\"Dur\u00e9e de lecture estim\u00e9e\" \/>\n\t<meta name=\"twitter:data1\" content=\"2 minutes\" \/>\n<script type=\"application\/ld+json\" class=\"yoast-schema-graph\">{\"@context\":\"https:\/\/schema.org\",\"@graph\":[{\"@type\":\"WebPage\",\"@id\":\"https:\/\/www.stradal.fr\/media-au-fil-de-leau\/a-propos\/\",\"url\":\"https:\/\/www.stradal.fr\/media-au-fil-de-leau\/a-propos\/\",\"name\":\"Au fil de l\u2019eau avec Stradal | Enjeux, solutions durables - \u00c0 propos\",\"isPartOf\":{\"@id\":\"https:\/\/www.stradal.fr\/media-au-fil-de-leau\/#website\"},\"datePublished\":\"2025-03-04T06:47:54+00:00\",\"dateModified\":\"2025-05-19T08:02:27+00:00\",\"description\":\"Au fil de l\u2019eau avec Stradal : un espace d\u2019expertise d\u00e9di\u00e9 \u00e0 la gestion durable de l\u2019eau et aux solutions d\u2019infrastructure.\",\"breadcrumb\":{\"@id\":\"https:\/\/www.stradal.fr\/media-au-fil-de-leau\/a-propos\/#breadcrumb\"},\"inLanguage\":\"fr-FR\",\"potentialAction\":[{\"@type\":\"ReadAction\",\"target\":[\"https:\/\/www.stradal.fr\/media-au-fil-de-leau\/a-propos\/\"]}]},{\"@type\":\"BreadcrumbList\",\"@id\":\"https:\/\/www.stradal.fr\/media-au-fil-de-leau\/a-propos\/#breadcrumb\",\"itemListElement\":[{\"@type\":\"ListItem\",\"position\":1,\"name\":\"Home\",\"item\":\"https:\/\/www.stradal.fr\/media-au-fil-de-leau\/\"},{\"@type\":\"ListItem\",\"position\":2,\"name\":\"\u00c0 Propos\"}]},{\"@type\":\"WebSite\",\"@id\":\"https:\/\/www.stradal.fr\/media-au-fil-de-leau\/#website\",\"url\":\"https:\/\/www.stradal.fr\/media-au-fil-de-leau\/\",\"name\":\"Stradal Blog\",\"description\":\"\",\"potentialAction\":[{\"@type\":\"SearchAction\",\"target\":{\"@type\":\"EntryPoint\",\"urlTemplate\":\"https:\/\/www.stradal.fr\/media-au-fil-de-leau\/?s={search_term_string}\"},\"query-input\":{\"@type\":\"PropertyValueSpecification\",\"valueRequired\":true,\"valueName\":\"search_term_string\"}}],\"inLanguage\":\"fr-FR\"}]}<\/script>\n<!-- \/ Yoast SEO plugin. -->","yoast_head_json":{"title":"Au fil de l\u2019eau avec Stradal | Enjeux, solutions durables - \u00c0 propos","description":"Au fil de l\u2019eau avec Stradal : un espace d\u2019expertise d\u00e9di\u00e9 \u00e0 la gestion durable de l\u2019eau et aux solutions d\u2019infrastructure.","robots":{"index":"index","follow":"follow","max-snippet":"max-snippet:-1","max-image-preview":"max-image-preview:large","max-video-preview":"max-video-preview:-1"},"canonical":"https:\/\/www.stradal.fr\/media-au-fil-de-leau\/a-propos\/","og_locale":"fr_FR","og_type":"article","og_title":"Au fil de l\u2019eau avec Stradal | Enjeux, solutions durables - \u00c0 propos","og_description":"Au fil de l\u2019eau avec Stradal : un espace d\u2019expertise d\u00e9di\u00e9 \u00e0 la gestion durable de l\u2019eau et aux solutions d\u2019infrastructure.","og_url":"https:\/\/www.stradal.fr\/media-au-fil-de-leau\/a-propos\/","og_site_name":"Stradal Blog","article_modified_time":"2025-05-19T08:02:27+00:00","twitter_card":"summary_large_image","twitter_misc":{"Dur\u00e9e de lecture estim\u00e9e":"2 minutes"},"schema":{"@context":"https:\/\/schema.org","@graph":[{"@type":"WebPage","@id":"https:\/\/www.stradal.fr\/media-au-fil-de-leau\/a-propos\/","url":"https:\/\/www.stradal.fr\/media-au-fil-de-leau\/a-propos\/","name":"Au fil de l\u2019eau avec Stradal | Enjeux, solutions durables - \u00c0 propos","isPartOf":{"@id":"https:\/\/www.stradal.fr\/media-au-fil-de-leau\/#website"},"datePublished":"2025-03-04T06:47:54+00:00","dateModified":"2025-05-19T08:02:27+00:00","description":"Au fil de l\u2019eau avec Stradal : un espace d\u2019expertise d\u00e9di\u00e9 \u00e0 la gestion durable de l\u2019eau et aux solutions d\u2019infrastructure.","breadcrumb":{"@id":"https:\/\/www.stradal.fr\/media-au-fil-de-leau\/a-propos\/#breadcrumb"},"inLanguage":"fr-FR","potentialAction":[{"@type":"ReadAction","target":["https:\/\/www.stradal.fr\/media-au-fil-de-leau\/a-propos\/"]}]},{"@type":"BreadcrumbList","@id":"https:\/\/www.stradal.fr\/media-au-fil-de-leau\/a-propos\/#breadcrumb","itemListElement":[{"@type":"ListItem","position":1,"name":"Home","item":"https:\/\/www.stradal.fr\/media-au-fil-de-leau\/"},{"@type":"ListItem","position":2,"name":"\u00c0 Propos"}]},{"@type":"WebSite","@id":"https:\/\/www.stradal.fr\/media-au-fil-de-leau\/#website","url":"https:\/\/www.stradal.fr\/media-au-fil-de-leau\/","name":"Stradal Blog","description":"","potentialAction":[{"@type":"SearchAction","target":{"@type":"EntryPoint","urlTemplate":"https:\/\/www.stradal.fr\/media-au-fil-de-leau\/?s={search_term_string}"},"query-input":{"@type":"PropertyValueSpecification","valueRequired":true,"valueName":"search_term_string"}}],"inLanguage":"fr-FR"}]}},"post_mailing_queue_ids":[],"_links":{"self":[{"href":"https:\/\/www.stradal.fr\/media-au-fil-de-leau\/wp-json\/wp\/v2\/pages\/225","targetHints":{"allow":["GET"]}}],"collection":[{"href":"https:\/\/www.stradal.fr\/media-au-fil-de-leau\/wp-json\/wp\/v2\/pages"}],"about":[{"href":"https:\/\/www.stradal.fr\/media-au-fil-de-leau\/wp-json\/wp\/v2\/types\/page"}],"author":[{"embeddable":true,"href":"https:\/\/www.stradal.fr\/media-au-fil-de-leau\/wp-json\/wp\/v2\/users\/1"}],"replies":[{"embeddable":true,"href":"https:\/\/www.stradal.fr\/media-au-fil-de-leau\/wp-json\/wp\/v2\/comments?post=225"}],"version-history":[{"count":7,"href":"https:\/\/www.stradal.fr\/media-au-fil-de-leau\/wp-json\/wp\/v2\/pages\/225\/revisions"}],"predecessor-version":[{"id":264,"href":"https:\/\/www.stradal.fr\/media-au-fil-de-leau\/wp-json\/wp\/v2\/pages\/225\/revisions\/264"}],"wp:attachment":[{"href":"https:\/\/www.stradal.fr\/media-au-fil-de-leau\/wp-json\/wp\/v2\/media?parent=225"}],"curies":[{"name":"wp","href":"https:\/\/api.w.org\/{rel}","templated":true}]}}